{"id":1990,"date":"2022-02-01T12:43:47","date_gmt":"2022-02-01T16:43:47","guid":{"rendered":"https:\/\/mqstay.encoreville.com\/?page_id=1990"},"modified":"2022-02-03T22:36:19","modified_gmt":"2022-02-04T02:36:19","slug":"comment-reserver","status":"publish","type":"page","link":"https:\/\/fwidom.com\/en\/comment-reserver","title":{"rendered":"Comment R\u00e9server ?"},"content":{"rendered":"<div data-elementor-type=\"wp-page\" data-elementor-id=\"1990\" class=\"elementor elementor-1990\">\n\t\t\t\t\t\t<section class=\"elementor-section elementor-top-section elementor-element elementor-element-27cff7e elementor-section-boxed elementor-section-height-default elementor-section-height-default\" data-id=\"27cff7e\" data-element_type=\"section\" data-settings=\"{&quot;background_background&quot;:&quot;classic&quot;}\">\n\t\t\t\t\t\t<div class=\"elementor-container elementor-column-gap-default\">\n\t\t\t\t\t<div class=\"elementor-column elementor-col-100 elementor-top-column elementor-element elementor-element-f52cd2f\" data-id=\"f52cd2f\" data-element_type=\"column\">\n\t\t\t<div class=\"elementor-widget-wrap elementor-element-populated\">\n\t\t\t\t\t\t<div class=\"elementor-element elementor-element-38f9312 elementor-widget elementor-widget-heading\" data-id=\"38f9312\" data-element_type=\"widget\" data-widget_type=\"heading.default\">\n\t\t\t\t<div class=\"elementor-widget-container\">\n\t\t\t\t\t<h6 class=\"elementor-heading-title elementor-size-default\">\u2139\ufe0f Comment R\u00e9server en 4 \u00e9tapes<\/h6>\t\t\t\t<\/div>\n\t\t\t\t<\/div>\n\t\t\t\t<div class=\"elementor-element elementor-element-eadd4fb elementor-widget elementor-widget-image\" data-id=\"eadd4fb\" data-element_type=\"widget\" data-widget_type=\"image.default\">\n\t\t\t\t<div class=\"elementor-widget-container\">\n\t\t\t\t\t\t\t\t\t\t\t\t\t\t\t<img fetchpriority=\"high\" decoding=\"async\" width=\"2300\" height=\"500\" src=\"https:\/\/fwidom.com\/wp-content\/uploads\/2022\/02\/RESERVATION_STEPS_7-graycr.png\" class=\"attachment-full size-full wp-image-2187\" alt=\"R\u00e9servez en 4 \u00e9tapes | Book in 4 steps\" srcset=\"https:\/\/fwidom.com\/wp-content\/uploads\/2022\/02\/RESERVATION_STEPS_7-graycr.png 2300w, https:\/\/fwidom.com\/wp-content\/uploads\/2022\/02\/RESERVATION_STEPS_7-graycr-300x65.png 300w, https:\/\/fwidom.com\/wp-content\/uploads\/2022\/02\/RESERVATION_STEPS_7-graycr-1024x223.png 1024w, https:\/\/fwidom.com\/wp-content\/uploads\/2022\/02\/RESERVATION_STEPS_7-graycr-768x167.png 768w, https:\/\/fwidom.com\/wp-content\/uploads\/2022\/02\/RESERVATION_STEPS_7-graycr-1536x334.png 1536w, https:\/\/fwidom.com\/wp-content\/uploads\/2022\/02\/RESERVATION_STEPS_7-graycr-2048x445.png 2048w, https:\/\/fwidom.com\/wp-content\/uploads\/2022\/02\/RESERVATION_STEPS_7-graycr-18x4.png 18w, https:\/\/fwidom.com\/wp-content\/uploads\/2022\/02\/RESERVATION_STEPS_7-graycr-150x33.png 150w\" sizes=\"(max-width: 2300px) 100vw, 2300px\" \/>\t\t\t\t\t\t\t\t\t\t\t\t\t\t\t<\/div>\n\t\t\t\t<\/div>\n\t\t\t\t\t<\/div>\n\t\t<\/div>\n\t\t\t\t\t<\/div>\n\t\t<\/section>\n\t\t\t\t<section class=\"elementor-section elementor-top-section elementor-element elementor-element-4fe00a1 elementor-section-boxed elementor-section-height-default elementor-section-height-default\" data-id=\"4fe00a1\" data-element_type=\"section\">\n\t\t\t\t\t\t<div class=\"elementor-container elementor-column-gap-default\">\n\t\t\t\t\t<div class=\"elementor-column elementor-col-100 elementor-top-column elementor-element elementor-element-2aa982a\" data-id=\"2aa982a\" data-element_type=\"column\">\n\t\t\t<div class=\"elementor-widget-wrap elementor-element-populated\">\n\t\t\t\t\t\t<div class=\"elementor-element elementor-element-efc8a6d elementor-widget elementor-widget-spacer\" data-id=\"efc8a6d\" data-element_type=\"widget\" data-widget_type=\"spacer.default\">\n\t\t\t\t<div class=\"elementor-widget-container\">\n\t\t\t\t\t\t\t<div class=\"elementor-spacer\">\n\t\t\t<div class=\"elementor-spacer-inner\"><\/div>\n\t\t<\/div>\n\t\t\t\t\t\t<\/div>\n\t\t\t\t<\/div>\n\t\t\t\t\t<\/div>\n\t\t<\/div>\n\t\t\t\t\t<\/div>\n\t\t<\/section>\n\t\t\t\t<section class=\"elementor-section elementor-top-section elementor-element elementor-element-2eea552 elementor-section-boxed elementor-section-height-default elementor-section-height-default\" data-id=\"2eea552\" data-element_type=\"section\">\n\t\t\t\t\t\t<div class=\"elementor-container elementor-column-gap-default\">\n\t\t\t\t\t<div class=\"elementor-column elementor-col-100 elementor-top-column elementor-element elementor-element-d2f4b98\" data-id=\"d2f4b98\" data-element_type=\"column\">\n\t\t\t<div class=\"elementor-widget-wrap elementor-element-populated\">\n\t\t\t\t\t\t<div class=\"elementor-element elementor-element-2e3edd1 elementor-align-center elementor-widget elementor-widget-button\" data-id=\"2e3edd1\" data-element_type=\"widget\" data-widget_type=\"button.default\">\n\t\t\t\t<div class=\"elementor-widget-container\">\n\t\t\t\t\t\t\t\t\t<div class=\"elementor-button-wrapper\">\n\t\t\t\t\t<a class=\"elementor-button elementor-button-link elementor-size-lg\" href=\"https:\/\/fwidom.com\/en\/#dividviksearch2110250406\" id=\"resa202110220810\">\n\t\t\t\t\t\t<span class=\"elementor-button-content-wrapper\">\n\t\t\t\t\t\t\t\t\t<span class=\"elementor-button-text\">R\u00e9servez maintenant<\/span>\n\t\t\t\t\t<\/span>\n\t\t\t\t\t<\/a>\n\t\t\t\t<\/div>\n\t\t\t\t\t\t\t\t<\/div>\n\t\t\t\t<\/div>\n\t\t\t\t\t<\/div>\n\t\t<\/div>\n\t\t\t\t\t<\/div>\n\t\t<\/section>\n\t\t\t\t<\/div>","protected":false},"excerpt":{"rendered":"<p>\u2139\ufe0f Comment R\u00e9server en 4 \u00e9tapes R\u00e9servez maintenant<\/p>","protected":false},"author":1,"featured_media":0,"parent":0,"menu_order":0,"comment_status":"closed","ping_status":"closed","template":"elementor_header_footer","meta":{"om_disable_all_campaigns":false,"_uag_custom_page_level_css":"","site-sidebar-layout":"default","site-content-layout":"","ast-site-content-layout":"default","site-content-style":"default","site-sidebar-style":"default","ast-global-header-display":"","ast-banner-title-visibility":"","ast-main-header-display":"","ast-hfb-above-header-display":"","ast-hfb-below-header-display":"","ast-hfb-mobile-header-display":"","site-post-title":"","ast-breadcrumbs-content":"","ast-featured-img":"","footer-sml-layout":"","theme-transparent-header-meta":"","adv-header-id-meta":"","stick-header-meta":"","header-above-stick-meta":"","header-main-stick-meta":"","header-below-stick-meta":"","astra-migrate-meta-layouts":"default","ast-page-background-enabled":"default","ast-page-background-meta":{"desktop":{"background-color":"","background-image":"","background-repeat":"repeat","background-position":"center center","background-size":"auto","background-attachment":"scroll","background-type":"","background-media":"","overlay-type":"","overlay-color":"","overlay-opacity":"","overlay-gradient":""},"tablet":{"background-color":"","background-image":"","background-repeat":"repeat","background-position":"center center","background-size":"auto","background-attachment":"scroll","background-type":"","background-media":"","overlay-type":"","overlay-color":"","overlay-opacity":"","overlay-gradient":""},"mobile":{"background-color":"","background-image":"","background-repeat":"repeat","background-position":"center center","background-size":"auto","background-attachment":"scroll","background-type":"","background-media":"","overlay-type":"","overlay-color":"","overlay-opacity":"","overlay-gradient":""}},"ast-content-background-meta":{"desktop":{"background-color":"var(--ast-global-color-5)","background-image":"","background-repeat":"repeat","background-position":"center center","background-size":"auto","background-attachment":"scroll","background-type":"","background-media":"","overlay-type":"","overlay-color":"","overlay-opacity":"","overlay-gradient":""},"tablet":{"background-color":"var(--ast-global-color-5)","background-image":"","background-repeat":"repeat","background-position":"center center","background-size":"auto","background-attachment":"scroll","background-type":"","background-media":"","overlay-type":"","overlay-color":"","overlay-opacity":"","overlay-gradient":""},"mobile":{"background-color":"var(--ast-global-color-5)","background-image":"","background-repeat":"repeat","background-position":"center center","background-size":"auto","background-attachment":"scroll","background-type":"","background-media":"","overlay-type":"","overlay-color":"","overlay-opacity":"","overlay-gradient":""}},"footnotes":""},"class_list":["post-1990","page","type-page","status-publish","hentry"],"uagb_featured_image_src":{"full":false,"thumbnail":false,"medium":false,"medium_large":false,"large":false,"1536x1536":false,"2048x2048":false,"trp-custom-language-flag":false},"uagb_author_info":{"display_name":"Mqsadmin","author_link":"https:\/\/fwidom.com\/en\/author\/mqsadmin"},"uagb_comment_info":0,"uagb_excerpt":"\u2139\ufe0f Comment R\u00e9server en 4 \u00e9tapes R\u00e9servez maintenant","_links":{"self":[{"href":"https:\/\/fwidom.com\/en\/wp-json\/wp\/v2\/pages\/1990","targetHints":{"allow":["GET"]}}],"collection":[{"href":"https:\/\/fwidom.com\/en\/wp-json\/wp\/v2\/pages"}],"about":[{"href":"https:\/\/fwidom.com\/en\/wp-json\/wp\/v2\/types\/page"}],"author":[{"embeddable":true,"href":"https:\/\/fwidom.com\/en\/wp-json\/wp\/v2\/users\/1"}],"replies":[{"embeddable":true,"href":"https:\/\/fwidom.com\/en\/wp-json\/wp\/v2\/comments?post=1990"}],"version-history":[{"count":35,"href":"https:\/\/fwidom.com\/en\/wp-json\/wp\/v2\/pages\/1990\/revisions"}],"predecessor-version":[{"id":2190,"href":"https:\/\/fwidom.com\/en\/wp-json\/wp\/v2\/pages\/1990\/revisions\/2190"}],"wp:attachment":[{"href":"https:\/\/fwidom.com\/en\/wp-json\/wp\/v2\/media?parent=1990"}],"curies":[{"name":"wp","href":"https:\/\/api.w.org\/{rel}","templated":true}]}}