{"id":2027,"date":"2022-02-01T13:36:51","date_gmt":"2022-02-01T17:36:51","guid":{"rendered":"https:\/\/mqstay.encoreville.com\/?page_id=2027"},"modified":"2022-06-15T08:54:40","modified_gmt":"2022-06-15T12:54:40","slug":"studio-guadeloupe-photo-gallery","status":"publish","type":"page","link":"https:\/\/fwidom.com\/en\/studio-guadeloupe-photo-gallery","title":{"rendered":"Gallerie"},"content":{"rendered":"<div data-elementor-type=\"wp-page\" data-elementor-id=\"2027\" class=\"elementor elementor-2027\">\n\t\t\t\t\t\t<section class=\"elementor-section elementor-top-section elementor-element elementor-element-4fe00a1 elementor-section-boxed elementor-section-height-default elementor-section-height-default\" data-id=\"4fe00a1\" data-element_type=\"section\">\n\t\t\t\t\t\t<div class=\"elementor-container elementor-column-gap-narrow\">\n\t\t\t\t\t<div class=\"elementor-column elementor-col-100 elementor-top-column elementor-element elementor-element-2aa982a\" data-id=\"2aa982a\" data-element_type=\"column\">\n\t\t\t<div class=\"elementor-widget-wrap elementor-element-populated\">\n\t\t\t\t\t\t<div class=\"elementor-element elementor-element-a8284e0 elementor-widget elementor-widget-heading\" data-id=\"a8284e0\" data-element_type=\"widget\" data-widget_type=\"heading.default\">\n\t\t\t\t<div class=\"elementor-widget-container\">\n\t\t\t\t\t<h2 class=\"elementor-heading-title elementor-size-default\">Gallerie \/ Gallery<\/h2>\t\t\t\t<\/div>\n\t\t\t\t<\/div>\n\t\t\t\t\t<\/div>\n\t\t<\/div>\n\t\t\t\t\t<\/div>\n\t\t<\/section>\n\t\t\t\t<section class=\"elementor-section elementor-top-section elementor-element elementor-element-9fc84a0 elementor-section-boxed elementor-section-height-default elementor-section-height-default\" data-id=\"9fc84a0\" data-element_type=\"section\">\n\t\t\t\t\t\t<div class=\"elementor-container elementor-column-gap-narrow\">\n\t\t\t\t\t<div class=\"elementor-column elementor-col-100 elementor-top-column elementor-element elementor-element-ef0d266\" data-id=\"ef0d266\" data-element_type=\"column\">\n\t\t\t<div class=\"elementor-widget-wrap elementor-element-populated\">\n\t\t\t\t\t\t<div class=\"elementor-element elementor-element-f8b8e31 gallery-spacing-custom elementor-widget elementor-widget-image-gallery\" data-id=\"f8b8e31\" data-element_type=\"widget\" data-widget_type=\"image-gallery.default\">\n\t\t\t\t<div class=\"elementor-widget-container\">\n\t\t\t\t\t\t\t<div class=\"elementor-image-gallery\">\n\t\t\t<div id='gallery-1' class='gallery galleryid-2027 gallery-columns-6 gallery-size-thumbnail'><figure class='gallery-item'>\n\t\t\t<div class='gallery-icon landscape'>\n\t\t\t\t<a data-elementor-open-lightbox=\"yes\" data-elementor-lightbox-slideshow=\"f8b8e31\" data-elementor-lightbox-title=\"MarianQualityStayGuadeloupeLoggia1\" data-e-action-hash=\"#elementor-action%3Aaction%3Dlightbox%26settings%3DeyJpZCI6ODc2LCJ1cmwiOiJodHRwczpcL1wvZndpZG9tLmNvbVwvd3AtY29udGVudFwvdXBsb2Fkc1wvMjAyMVwvMTBcL01hcmlhblF1YWxpdHlTdGF5R3VhZGVsb3VwZUxvZ2dpYTEucG5nIiwic2xpZGVzaG93IjoiZjhiOGUzMSJ9\" href='https:\/\/fwidom.com\/wp-content\/uploads\/2021\/10\/MarianQualityStayGuadeloupeLoggia1.png'><img decoding=\"async\" width=\"150\" height=\"150\" src=\"https:\/\/fwidom.com\/wp-content\/uploads\/2021\/10\/MarianQualityStayGuadeloupeLoggia1-150x150.png\" class=\"attachment-thumbnail size-thumbnail\" alt=\"\" aria-describedby=\"gallery-1-876\" \/><\/a>\n\t\t\t<\/div>\n\t\t\t\t<figcaption class='wp-caption-text gallery-caption' id='gallery-1-876'>\n\t\t\t\tTerrace\n\t\t\t\t<\/figcaption><\/figure><figure class='gallery-item'>\n\t\t\t<div class='gallery-icon landscape'>\n\t\t\t\t<a data-elementor-open-lightbox=\"yes\" data-elementor-lightbox-slideshow=\"f8b8e31\" data-elementor-lightbox-title=\"MarianQualityStayGuadeloupeLoggia3\" data-e-action-hash=\"#elementor-action%3Aaction%3Dlightbox%26settings%3DeyJpZCI6ODc1LCJ1cmwiOiJodHRwczpcL1wvZndpZG9tLmNvbVwvd3AtY29udGVudFwvdXBsb2Fkc1wvMjAyMVwvMTBcL01hcmlhblF1YWxpdHlTdGF5R3VhZGVsb3VwZUxvZ2dpYTMucG5nIiwic2xpZGVzaG93IjoiZjhiOGUzMSJ9\" href='https:\/\/fwidom.com\/wp-content\/uploads\/2021\/10\/MarianQualityStayGuadeloupeLoggia3.png'><img decoding=\"async\" width=\"150\" height=\"150\" src=\"https:\/\/fwidom.com\/wp-content\/uploads\/2021\/10\/MarianQualityStayGuadeloupeLoggia3-150x150.png\" class=\"attachment-thumbnail size-thumbnail\" alt=\"\" aria-describedby=\"gallery-1-875\" \/><\/a>\n\t\t\t<\/div>\n\t\t\t\t<figcaption class='wp-caption-text gallery-caption' id='gallery-1-875'>\n\t\t\t\tTerrace \n\t\t\t\t<\/figcaption><\/figure><figure class='gallery-item'>\n\t\t\t<div class='gallery-icon portrait'>\n\t\t\t\t<a data-elementor-open-lightbox=\"yes\" data-elementor-lightbox-slideshow=\"f8b8e31\" data-elementor-lightbox-title=\"MarianQualityStayGuadeloupecookingplate\" data-e-action-hash=\"#elementor-action%3Aaction%3Dlightbox%26settings%3DeyJpZCI6Nzk2LCJ1cmwiOiJodHRwczpcL1wvZndpZG9tLmNvbVwvd3AtY29udGVudFwvdXBsb2Fkc1wvMjAyMVwvMTBcL01hcmlhblF1YWxpdHlTdGF5R3VhZGVsb3VwZWNvb2tpbmdwbGF0ZS1lMTYzNTEwMjI0NzkzNC5qcGciLCJzbGlkZXNob3ciOiJmOGI4ZTMxIn0%3D\" href='https:\/\/fwidom.com\/wp-content\/uploads\/2021\/10\/MarianQualityStayGuadeloupecookingplate-e1635102247934.jpg'><img decoding=\"async\" width=\"150\" height=\"150\" src=\"https:\/\/fwidom.com\/wp-content\/uploads\/2021\/10\/MarianQualityStayGuadeloupecookingplate-e1635102247934-150x150.jpg\" class=\"attachment-thumbnail size-thumbnail\" alt=\"\" aria-describedby=\"gallery-1-796\" \/><\/a>\n\t\t\t<\/div>\n\t\t\t\t<figcaption class='wp-caption-text gallery-caption' id='gallery-1-796'>\n\t\t\t\tCoin cuisine\n\t\t\t\t<\/figcaption><\/figure><figure class='gallery-item'>\n\t\t\t<div class='gallery-icon landscape'>\n\t\t\t\t<a data-elementor-open-lightbox=\"yes\" data-elementor-lightbox-slideshow=\"f8b8e31\" data-elementor-lightbox-title=\"MarianQualityStayGuadeloupeSalonwide\" data-e-action-hash=\"#elementor-action%3Aaction%3Dlightbox%26settings%3DeyJpZCI6Nzk3LCJ1cmwiOiJodHRwczpcL1wvZndpZG9tLmNvbVwvd3AtY29udGVudFwvdXBsb2Fkc1wvMjAyMVwvMTBcL01hcmlhblF1YWxpdHlTdGF5R3VhZGVsb3VwZVNhbG9ud2lkZS5qcGciLCJzbGlkZXNob3ciOiJmOGI4ZTMxIn0%3D\" href='https:\/\/fwidom.com\/wp-content\/uploads\/2021\/10\/MarianQualityStayGuadeloupeSalonwide.jpg'><img loading=\"lazy\" decoding=\"async\" width=\"150\" height=\"150\" src=\"https:\/\/fwidom.com\/wp-content\/uploads\/2021\/10\/MarianQualityStayGuadeloupeSalonwide-150x150.jpg\" class=\"attachment-thumbnail size-thumbnail\" alt=\"\" aria-describedby=\"gallery-1-797\" \/><\/a>\n\t\t\t<\/div>\n\t\t\t\t<figcaption class='wp-caption-text gallery-caption' id='gallery-1-797'>\n\t\t\t\tVue S\u00e9jour &#038; terrace\n\t\t\t\t<\/figcaption><\/figure><figure class='gallery-item'>\n\t\t\t<div class='gallery-icon landscape'>\n\t\t\t\t<a data-elementor-open-lightbox=\"yes\" data-elementor-lightbox-slideshow=\"f8b8e31\" data-elementor-lightbox-title=\"MarianQualityStayGuadeloupeJardin_900k\" data-e-action-hash=\"#elementor-action%3Aaction%3Dlightbox%26settings%3DeyJpZCI6Nzg1LCJ1cmwiOiJodHRwczpcL1wvZndpZG9tLmNvbVwvd3AtY29udGVudFwvdXBsb2Fkc1wvMjAyMVwvMTBcL01hcmlhblF1YWxpdHlTdGF5R3VhZGVsb3VwZUphcmRpbl85MDBrLmpwZyIsInNsaWRlc2hvdyI6ImY4YjhlMzEifQ%3D%3D\" href='https:\/\/fwidom.com\/wp-content\/uploads\/2021\/10\/MarianQualityStayGuadeloupeJardin_900k.jpg'><img loading=\"lazy\" decoding=\"async\" width=\"150\" height=\"150\" src=\"https:\/\/fwidom.com\/wp-content\/uploads\/2021\/10\/MarianQualityStayGuadeloupeJardin_900k-150x150.jpg\" class=\"attachment-thumbnail size-thumbnail\" alt=\"\" aria-describedby=\"gallery-1-785\" \/><\/a>\n\t\t\t<\/div>\n\t\t\t\t<figcaption class='wp-caption-text gallery-caption' id='gallery-1-785'>\n\t\t\t\tR\u00e9sidence s\u00e9curis\u00e9e\n\t\t\t\t<\/figcaption><\/figure><figure class='gallery-item'>\n\t\t\t<div class='gallery-icon landscape'>\n\t\t\t\t<a data-elementor-open-lightbox=\"yes\" data-elementor-lightbox-slideshow=\"f8b8e31\" data-elementor-lightbox-title=\"MarianQualityStayGuadeloupeBathroom3\" data-e-action-hash=\"#elementor-action%3Aaction%3Dlightbox%26settings%3DeyJpZCI6Nzc3LCJ1cmwiOiJodHRwczpcL1wvZndpZG9tLmNvbVwvd3AtY29udGVudFwvdXBsb2Fkc1wvMjAyMVwvMTBcL01hcmlhblF1YWxpdHlTdGF5R3VhZGVsb3VwZUJhdGhyb29tMy5wbmciLCJzbGlkZXNob3ciOiJmOGI4ZTMxIn0%3D\" href='https:\/\/fwidom.com\/wp-content\/uploads\/2021\/10\/MarianQualityStayGuadeloupeBathroom3.png'><img loading=\"lazy\" decoding=\"async\" width=\"150\" height=\"150\" src=\"https:\/\/fwidom.com\/wp-content\/uploads\/2021\/10\/MarianQualityStayGuadeloupeBathroom3-150x150.png\" class=\"attachment-thumbnail size-thumbnail\" alt=\"\" aria-describedby=\"gallery-1-777\" \/><\/a>\n\t\t\t<\/div>\n\t\t\t\t<figcaption class='wp-caption-text gallery-caption' id='gallery-1-777'>\n\t\t\t\tSalle de bain\n\t\t\t\t<\/figcaption><\/figure><figure class='gallery-item'>\n\t\t\t<div class='gallery-icon landscape'>\n\t\t\t\t<a data-elementor-open-lightbox=\"yes\" data-elementor-lightbox-slideshow=\"f8b8e31\" data-elementor-lightbox-title=\"MarianQualityStayGuadeloupeCuisineKitchen1550x458\" data-e-action-hash=\"#elementor-action%3Aaction%3Dlightbox%26settings%3DeyJpZCI6Nzc1LCJ1cmwiOiJodHRwczpcL1wvZndpZG9tLmNvbVwvd3AtY29udGVudFwvdXBsb2Fkc1wvMjAyMVwvMTBcL01hcmlhblF1YWxpdHlTdGF5R3VhZGVsb3VwZUN1aXNpbmVLaXRjaGVuMTU1MHg0NTguanBnIiwic2xpZGVzaG93IjoiZjhiOGUzMSJ9\" href='https:\/\/fwidom.com\/wp-content\/uploads\/2021\/10\/MarianQualityStayGuadeloupeCuisineKitchen1550x458.jpg'><img loading=\"lazy\" decoding=\"async\" width=\"150\" height=\"150\" src=\"https:\/\/fwidom.com\/wp-content\/uploads\/2021\/10\/MarianQualityStayGuadeloupeCuisineKitchen1550x458-150x150.jpg\" class=\"attachment-thumbnail size-thumbnail\" alt=\"\" aria-describedby=\"gallery-1-775\" \/><\/a>\n\t\t\t<\/div>\n\t\t\t\t<figcaption class='wp-caption-text gallery-caption' id='gallery-1-775'>\n\t\t\t\tCoin Cuisine\n\t\t\t\t<\/figcaption><\/figure><figure class='gallery-item'>\n\t\t\t<div class='gallery-icon landscape'>\n\t\t\t\t<a data-elementor-open-lightbox=\"yes\" data-elementor-lightbox-slideshow=\"f8b8e31\" data-elementor-lightbox-title=\"MarianQualityStayGuadeloupeSalon2_withWM-920x570\" data-e-action-hash=\"#elementor-action%3Aaction%3Dlightbox%26settings%3DeyJpZCI6NzY4LCJ1cmwiOiJodHRwczpcL1wvZndpZG9tLmNvbVwvd3AtY29udGVudFwvdXBsb2Fkc1wvMjAyMVwvMTBcL01hcmlhblF1YWxpdHlTdGF5R3VhZGVsb3VwZVNhbG9uMl93aXRoV00tOTIweDU3MC0xLmpwZyIsInNsaWRlc2hvdyI6ImY4YjhlMzEifQ%3D%3D\" href='https:\/\/fwidom.com\/wp-content\/uploads\/2021\/10\/MarianQualityStayGuadeloupeSalon2_withWM-920x570-1.jpg'><img loading=\"lazy\" decoding=\"async\" width=\"150\" height=\"150\" src=\"https:\/\/fwidom.com\/wp-content\/uploads\/2021\/10\/MarianQualityStayGuadeloupeSalon2_withWM-920x570-1-150x150.jpg\" class=\"attachment-thumbnail size-thumbnail\" alt=\"\" aria-describedby=\"gallery-1-768\" \/><\/a>\n\t\t\t<\/div>\n\t\t\t\t<figcaption class='wp-caption-text gallery-caption' id='gallery-1-768'>\n\t\t\t\tVue S\u00e9jour &#038; terrace\n\t\t\t\t<\/figcaption><\/figure><figure class='gallery-item'>\n\t\t\t<div class='gallery-icon landscape'>\n\t\t\t\t<a data-elementor-open-lightbox=\"yes\" data-elementor-lightbox-slideshow=\"f8b8e31\" data-elementor-lightbox-title=\"MarianQualityStayGuadeloupevueJardinPiscine\" data-e-action-hash=\"#elementor-action%3Aaction%3Dlightbox%26settings%3DeyJpZCI6MjMwMSwidXJsIjoiaHR0cHM6XC9cL2Z3aWRvbS5jb21cL3dwLWNvbnRlbnRcL3VwbG9hZHNcLzIwMjJcLzA2XC9NYXJpYW5RdWFsaXR5U3RheUd1YWRlbG91cGVKYXJkaW5QaXNjaW5lLnBuZyIsInNsaWRlc2hvdyI6ImY4YjhlMzEifQ%3D%3D\" href='https:\/\/fwidom.com\/wp-content\/uploads\/2022\/06\/MarianQualityStayGuadeloupeJardinPiscine.png'><img loading=\"lazy\" decoding=\"async\" width=\"150\" height=\"150\" src=\"https:\/\/fwidom.com\/wp-content\/uploads\/2022\/06\/MarianQualityStayGuadeloupeJardinPiscine-150x150.png\" class=\"attachment-thumbnail size-thumbnail\" alt=\"Vue du balcon\" aria-describedby=\"gallery-1-2301\" \/><\/a>\n\t\t\t<\/div>\n\t\t\t\t<figcaption class='wp-caption-text gallery-caption' id='gallery-1-2301'>\n\t\t\t\tVue depuis le balcon\n\t\t\t\t<\/figcaption><\/figure><figure class='gallery-item'>\n\t\t\t<div class='gallery-icon landscape'>\n\t\t\t\t<a data-elementor-open-lightbox=\"yes\" data-elementor-lightbox-slideshow=\"f8b8e31\" data-elementor-lightbox-title=\"img_5064jardin-Q75pct-1000x638\" data-e-action-hash=\"#elementor-action%3Aaction%3Dlightbox%26settings%3DeyJpZCI6Nzc2LCJ1cmwiOiJodHRwczpcL1wvZndpZG9tLmNvbVwvd3AtY29udGVudFwvdXBsb2Fkc1wvMjAyMVwvMTBcL2ltZ181MDY0amFyZGluLVE3NXBjdC0xMDAweDYzOC0yLmpwZyIsInNsaWRlc2hvdyI6ImY4YjhlMzEifQ%3D%3D\" href='https:\/\/fwidom.com\/wp-content\/uploads\/2021\/10\/img_5064jardin-Q75pct-1000x638-2.jpg'><img loading=\"lazy\" decoding=\"async\" width=\"150\" height=\"150\" src=\"https:\/\/fwidom.com\/wp-content\/uploads\/2021\/10\/img_5064jardin-Q75pct-1000x638-2-150x150.jpg\" class=\"attachment-thumbnail size-thumbnail\" alt=\"\" aria-describedby=\"gallery-1-776\" \/><\/a>\n\t\t\t<\/div>\n\t\t\t\t<figcaption class='wp-caption-text gallery-caption' id='gallery-1-776'>\n\t\t\t\tLe Jardin\n\t\t\t\t<\/figcaption><\/figure><figure class='gallery-item'>\n\t\t\t<div class='gallery-icon landscape'>\n\t\t\t\t<a data-elementor-open-lightbox=\"yes\" data-elementor-lightbox-slideshow=\"f8b8e31\" data-elementor-lightbox-title=\"MarianQualityStayGuadeloupeJardin2\" data-e-action-hash=\"#elementor-action%3Aaction%3Dlightbox%26settings%3DeyJpZCI6MjMwNywidXJsIjoiaHR0cHM6XC9cL2Z3aWRvbS5jb21cL3dwLWNvbnRlbnRcL3VwbG9hZHNcLzIwMjJcLzA2XC9NYXJpYW5RdWFsaXR5U3RheUd1YWRlbG91cGVKYXJkaW4yLnBuZyIsInNsaWRlc2hvdyI6ImY4YjhlMzEifQ%3D%3D\" href='https:\/\/fwidom.com\/wp-content\/uploads\/2022\/06\/MarianQualityStayGuadeloupeJardin2.png'><img loading=\"lazy\" decoding=\"async\" width=\"150\" height=\"150\" src=\"https:\/\/fwidom.com\/wp-content\/uploads\/2022\/06\/MarianQualityStayGuadeloupeJardin2-150x150.png\" class=\"attachment-thumbnail size-thumbnail\" alt=\"\" aria-describedby=\"gallery-1-2307\" \/><\/a>\n\t\t\t<\/div>\n\t\t\t\t<figcaption class='wp-caption-text gallery-caption' id='gallery-1-2307'>\n\t\t\t\tJardin\n\t\t\t\t<\/figcaption><\/figure><figure class='gallery-item'>\n\t\t\t<div class='gallery-icon landscape'>\n\t\t\t\t<a data-elementor-open-lightbox=\"yes\" data-elementor-lightbox-slideshow=\"f8b8e31\" data-elementor-lightbox-title=\"Marina Quality Stay Guadeloupe\" data-e-action-hash=\"#elementor-action%3Aaction%3Dlightbox%26settings%3DeyJpZCI6NDY3LCJ1cmwiOiJodHRwczpcL1wvZndpZG9tLmNvbVwvd3AtY29udGVudFwvdXBsb2Fkc1wvMjAyMVwvMTBcL01hcmluYXF1YWxpdHlzdGF5Z3VhZGVscG91ZXNpbmNlX2RlcHVpc18yMDA0XzQucG5nIiwic2xpZGVzaG93IjoiZjhiOGUzMSJ9\" data-elementor-lightbox-description=\"Marina Quality Stay Guadeloupe\" href='https:\/\/fwidom.com\/wp-content\/uploads\/2021\/10\/Marinaqualitystayguadelpouesince_depuis_2004_4.png'><img loading=\"lazy\" decoding=\"async\" width=\"150\" height=\"150\" src=\"https:\/\/fwidom.com\/wp-content\/uploads\/2021\/10\/Marinaqualitystayguadelpouesince_depuis_2004_4-150x150.png\" class=\"attachment-thumbnail size-thumbnail\" alt=\"Marina Quality Stay Guadeloupe\" aria-describedby=\"gallery-1-467\" srcset=\"https:\/\/fwidom.com\/wp-content\/uploads\/2021\/10\/Marinaqualitystayguadelpouesince_depuis_2004_4-150x150.png 150w, https:\/\/fwidom.com\/wp-content\/uploads\/2021\/10\/Marinaqualitystayguadelpouesince_depuis_2004_4-300x300.png 300w, https:\/\/fwidom.com\/wp-content\/uploads\/2021\/10\/Marinaqualitystayguadelpouesince_depuis_2004_4-12x12.png 12w, https:\/\/fwidom.com\/wp-content\/uploads\/2021\/10\/Marinaqualitystayguadelpouesince_depuis_2004_4.png 583w\" sizes=\"(max-width: 150px) 100vw, 150px\" \/><\/a>\n\t\t\t<\/div>\n\t\t\t\t<figcaption class='wp-caption-text gallery-caption' id='gallery-1-467'>\n\t\t\t\tMarina Quality Stay Guadeloupe\n\t\t\t\t<\/figcaption><\/figure><figure class='gallery-item'>\n\t\t\t<div class='gallery-icon landscape'>\n\t\t\t\t<a data-elementor-open-lightbox=\"yes\" data-elementor-lightbox-slideshow=\"f8b8e31\" data-elementor-lightbox-title=\"Booking.com Guest Review Award 9\/10\" data-e-action-hash=\"#elementor-action%3Aaction%3Dlightbox%26settings%3DeyJpZCI6NzU5LCJ1cmwiOiJodHRwczpcL1wvZndpZG9tLmNvbVwvd3AtY29udGVudFwvdXBsb2Fkc1wvMjAyMVwvMTBcL3NvY2lhbF9tZWRpYS5wbmciLCJzbGlkZXNob3ciOiJmOGI4ZTMxIn0%3D\" data-elementor-lightbox-description=\"Booking.com Guest Review Award. We are recommended by 9 out of 10 customers \" href='https:\/\/fwidom.com\/wp-content\/uploads\/2021\/10\/social_media.png'><img loading=\"lazy\" decoding=\"async\" width=\"150\" height=\"150\" src=\"https:\/\/fwidom.com\/wp-content\/uploads\/2021\/10\/social_media-150x150.png\" class=\"attachment-thumbnail size-thumbnail\" alt=\"Booking.com Guest Review Award 9\/10\" aria-describedby=\"gallery-1-759\" srcset=\"https:\/\/fwidom.com\/wp-content\/uploads\/2021\/10\/social_media-150x150.png 150w, https:\/\/fwidom.com\/wp-content\/uploads\/2021\/10\/social_media-300x300.png 300w, https:\/\/fwidom.com\/wp-content\/uploads\/2021\/10\/social_media-12x12.png 12w, https:\/\/fwidom.com\/wp-content\/uploads\/2021\/10\/social_media.png 600w\" sizes=\"(max-width: 150px) 100vw, 150px\" \/><\/a>\n\t\t\t<\/div>\n\t\t\t\t<figcaption class='wp-caption-text gallery-caption' id='gallery-1-759'>\n\t\t\t\tBooking.com Guest Review Award 9\/10\n\t\t\t\t<\/figcaption><\/figure><figure class='gallery-item'>\n\t\t\t<div class='gallery-icon landscape'>\n\t\t\t\t<a data-elementor-open-lightbox=\"yes\" data-elementor-lightbox-slideshow=\"f8b8e31\" data-elementor-lightbox-title=\"Golf 18 trous de Saint-Fran\u00e7ois, Guadeloupe\" data-e-action-hash=\"#elementor-action%3Aaction%3Dlightbox%26settings%3DeyJpZCI6NjkzLCJ1cmwiOiJodHRwczpcL1wvZndpZG9tLmNvbVwvd3AtY29udGVudFwvdXBsb2Fkc1wvMjAyMVwvMTBcL0RTQ04wMTUyLmpwZyIsInNsaWRlc2hvdyI6ImY4YjhlMzEifQ%3D%3D\" data-elementor-lightbox-description=\"Booking.com Guest Review Award. We are recommended by 9 out of 10 customers \" href='https:\/\/fwidom.com\/wp-content\/uploads\/2021\/10\/DSCN0152.jpg'><img loading=\"lazy\" decoding=\"async\" width=\"150\" height=\"150\" src=\"https:\/\/fwidom.com\/wp-content\/uploads\/2021\/10\/DSCN0152-150x150.jpg\" class=\"attachment-thumbnail size-thumbnail\" alt=\"Golf 18 trous de Saint-Fran\u00e7ois, Guadeloupe\" aria-describedby=\"gallery-1-693\" \/><\/a>\n\t\t\t<\/div>\n\t\t\t\t<figcaption class='wp-caption-text gallery-caption' id='gallery-1-693'>\n\t\t\t\tGolf 18 trous de Saint-Fran\u00e7ois, Guadeloupe\n\t\t\t\t<\/figcaption><\/figure><figure class='gallery-item'>\n\t\t\t<div class='gallery-icon landscape'>\n\t\t\t\t<a data-elementor-open-lightbox=\"yes\" data-elementor-lightbox-slideshow=\"f8b8e31\" data-elementor-lightbox-title=\"\u00c0 MOINS DE 5 MIN. DE MARCHE: LA PLAGE\" data-e-action-hash=\"#elementor-action%3Aaction%3Dlightbox%26settings%3DeyJpZCI6NDMzLCJ1cmwiOiJodHRwczpcL1wvZndpZG9tLmNvbVwvd3AtY29udGVudFwvdXBsb2Fkc1wvMjAyMVwvMTBcL0JlYWNoXzVtaW53YWxrLW1hcmluYS5qcGciLCJzbGlkZXNob3ciOiJmOGI4ZTMxIn0%3D\" data-elementor-lightbox-description=\"Booking.com Guest Review Award. We are recommended by 9 out of 10 customers \" href='https:\/\/fwidom.com\/wp-content\/uploads\/2021\/10\/Beach_5minwalk-marina.jpg'><img loading=\"lazy\" decoding=\"async\" width=\"150\" height=\"150\" src=\"https:\/\/fwidom.com\/wp-content\/uploads\/2021\/10\/Beach_5minwalk-marina-150x150.jpg\" class=\"attachment-thumbnail size-thumbnail\" alt=\"\u00c0 MOINS DE 5 MIN. DE MARCHE: LA PLAGE\" aria-describedby=\"gallery-1-433\" \/><\/a>\n\t\t\t<\/div>\n\t\t\t\t<figcaption class='wp-caption-text gallery-caption' id='gallery-1-433'>\n\t\t\t\t\u00c0 moins de 5 min. \u00e0 pieds: la plage\n\t\t\t\t<\/figcaption><\/figure>\n\t\t<\/div>\n\t\t<\/div>\n\t\t\t\t\t\t<\/div>\n\t\t\t\t<\/div>\n\t\t\t\t\t<\/div>\n\t\t<\/div>\n\t\t\t\t\t<\/div>\n\t\t<\/section>\n\t\t\t\t<section class=\"elementor-section elementor-top-section elementor-element elementor-element-2eea552 elementor-section-boxed elementor-section-height-default elementor-section-height-default\" data-id=\"2eea552\" data-element_type=\"section\">\n\t\t\t\t\t\t<div class=\"elementor-container elementor-column-gap-default\">\n\t\t\t\t\t<div class=\"elementor-column elementor-col-100 elementor-top-column elementor-element elementor-element-d2f4b98\" data-id=\"d2f4b98\" data-element_type=\"column\">\n\t\t\t<div class=\"elementor-widget-wrap elementor-element-populated\">\n\t\t\t\t\t\t<div class=\"elementor-element elementor-element-efc8a6d elementor-widget elementor-widget-spacer\" data-id=\"efc8a6d\" data-element_type=\"widget\" data-widget_type=\"spacer.default\">\n\t\t\t\t<div class=\"elementor-widget-container\">\n\t\t\t\t\t\t\t<div class=\"elementor-spacer\">\n\t\t\t<div class=\"elementor-spacer-inner\"><\/div>\n\t\t<\/div>\n\t\t\t\t\t\t<\/div>\n\t\t\t\t<\/div>\n\t\t\t\t<div class=\"elementor-element elementor-element-53d7ff7 elementor-widget elementor-widget-video\" data-id=\"53d7ff7\" data-element_type=\"widget\" data-settings=\"{&quot;youtube_url&quot;:&quot;https:\\\/\\\/www.youtube.com\\\/watch?v=deQIwCajeqI&quot;,&quot;video_type&quot;:&quot;youtube&quot;,&quot;controls&quot;:&quot;yes&quot;}\" data-widget_type=\"video.default\">\n\t\t\t\t<div class=\"elementor-widget-container\">\n\t\t\t\t\t\t\t<div class=\"elementor-wrapper elementor-open-inline\">\n\t\t\t<div class=\"elementor-video\"><\/div>\t\t<\/div>\n\t\t\t\t\t\t<\/div>\n\t\t\t\t<\/div>\n\t\t\t\t<div class=\"elementor-element elementor-element-2e3edd1 elementor-align-left elementor-widget elementor-widget-button\" data-id=\"2e3edd1\" data-element_type=\"widget\" data-widget_type=\"button.default\">\n\t\t\t\t<div class=\"elementor-widget-container\">\n\t\t\t\t\t\t\t\t\t<div class=\"elementor-button-wrapper\">\n\t\t\t\t\t<a class=\"elementor-button elementor-button-link elementor-size-lg\" href=\"https:\/\/fwidom.com\/en\/#dividviksearch2110250406\" id=\"resa202110220810\">\n\t\t\t\t\t\t<span class=\"elementor-button-content-wrapper\">\n\t\t\t\t\t\t\t\t\t<span class=\"elementor-button-text\">R\u00e9servez maintenant<\/span>\n\t\t\t\t\t<\/span>\n\t\t\t\t\t<\/a>\n\t\t\t\t<\/div>\n\t\t\t\t\t\t\t\t<\/div>\n\t\t\t\t<\/div>\n\t\t\t\t\t<\/div>\n\t\t<\/div>\n\t\t\t\t\t<\/div>\n\t\t<\/section>\n\t\t\t\t<\/div>","protected":false},"excerpt":{"rendered":"<p>Gallerie \/ Gallery Terrace Terrace Coin cuisine Vue S\u00e9jour &#038; terrace R\u00e9sidence s\u00e9curis\u00e9e Salle de bain Coin Cuisine Vue S\u00e9jour &#038; terrace Vue depuis le balcon Le Jardin Jardin Marina Quality Stay Guadeloupe Booking.com Guest Review Award 9\/10 Golf 18 trous de Saint-Fran\u00e7ois, Guadeloupe \u00c0 moins de 5 min. \u00e0 pieds: la plage R\u00e9servez maintenant<\/p>","protected":false},"author":1,"featured_media":0,"parent":0,"menu_order":0,"comment_status":"closed","ping_status":"closed","template":"elementor_header_footer","meta":{"om_disable_all_campaigns":false,"_uag_custom_page_level_css":"","site-sidebar-layout":"default","site-content-layout":"","ast-site-content-layout":"default","site-content-style":"default","site-sidebar-style":"default","ast-global-header-display":"","ast-banner-title-visibility":"","ast-main-header-display":"","ast-hfb-above-header-display":"","ast-hfb-below-header-display":"","ast-hfb-mobile-header-display":"","site-post-title":"","ast-breadcrumbs-content":"","ast-featured-img":"","footer-sml-layout":"","theme-transparent-header-meta":"","adv-header-id-meta":"","stick-header-meta":"","header-above-stick-meta":"","header-main-stick-meta":"","header-below-stick-meta":"","astra-migrate-meta-layouts":"default","ast-page-background-enabled":"default","ast-page-background-meta":{"desktop":{"background-color":"","background-image":"","background-repeat":"repeat","background-position":"center center","background-size":"auto","background-attachment":"scroll","background-type":"","background-media":"","overlay-type":"","overlay-color":"","overlay-opacity":"","overlay-gradient":""},"tablet":{"background-color":"","background-image":"","background-repeat":"repeat","background-position":"center center","background-size":"auto","background-attachment":"scroll","background-type":"","background-media":"","overlay-type":"","overlay-color":"","overlay-opacity":"","overlay-gradient":""},"mobile":{"background-color":"","background-image":"","background-repeat":"repeat","background-position":"center center","background-size":"auto","background-attachment":"scroll","background-type":"","background-media":"","overlay-type":"","overlay-color":"","overlay-opacity":"","overlay-gradient":""}},"ast-content-background-meta":{"desktop":{"background-color":"var(--ast-global-color-5)","background-image":"","background-repeat":"repeat","background-position":"center center","background-size":"auto","background-attachment":"scroll","background-type":"","background-media":"","overlay-type":"","overlay-color":"","overlay-opacity":"","overlay-gradient":""},"tablet":{"background-color":"var(--ast-global-color-5)","background-image":"","background-repeat":"repeat","background-position":"center center","background-size":"auto","background-attachment":"scroll","background-type":"","background-media":"","overlay-type":"","overlay-color":"","overlay-opacity":"","overlay-gradient":""},"mobile":{"background-color":"var(--ast-global-color-5)","background-image":"","background-repeat":"repeat","background-position":"center center","background-size":"auto","background-attachment":"scroll","background-type":"","background-media":"","overlay-type":"","overlay-color":"","overlay-opacity":"","overlay-gradient":""}},"footnotes":""},"class_list":["post-2027","page","type-page","status-publish","hentry"],"uagb_featured_image_src":{"full":false,"thumbnail":false,"medium":false,"medium_large":false,"large":false,"1536x1536":false,"2048x2048":false,"trp-custom-language-flag":false},"uagb_author_info":{"display_name":"Mqsadmin","author_link":"https:\/\/fwidom.com\/en\/author\/mqsadmin"},"uagb_comment_info":0,"uagb_excerpt":"Gallerie \/ Gallery Terrace Terrace Coin cuisine Vue S\u00e9jour &#038; terrace R\u00e9sidence s\u00e9curis\u00e9e Salle de bain Coin Cuisine Vue S\u00e9jour &#038; terrace Vue depuis le balcon Le Jardin Jardin Marina Quality Stay Guadeloupe Booking.com Guest Review Award 9\/10 Golf 18 trous de Saint-Fran\u00e7ois, Guadeloupe \u00c0 moins de 5 min. \u00e0 pieds: la plage R\u00e9servez maintenant","_links":{"self":[{"href":"https:\/\/fwidom.com\/en\/wp-json\/wp\/v2\/pages\/2027","targetHints":{"allow":["GET"]}}],"collection":[{"href":"https:\/\/fwidom.com\/en\/wp-json\/wp\/v2\/pages"}],"about":[{"href":"https:\/\/fwidom.com\/en\/wp-json\/wp\/v2\/types\/page"}],"author":[{"embeddable":true,"href":"https:\/\/fwidom.com\/en\/wp-json\/wp\/v2\/users\/1"}],"replies":[{"embeddable":true,"href":"https:\/\/fwidom.com\/en\/wp-json\/wp\/v2\/comments?post=2027"}],"version-history":[{"count":59,"href":"https:\/\/fwidom.com\/en\/wp-json\/wp\/v2\/pages\/2027\/revisions"}],"predecessor-version":[{"id":2311,"href":"https:\/\/fwidom.com\/en\/wp-json\/wp\/v2\/pages\/2027\/revisions\/2311"}],"wp:attachment":[{"href":"https:\/\/fwidom.com\/en\/wp-json\/wp\/v2\/media?parent=2027"}],"curies":[{"name":"wp","href":"https:\/\/api.w.org\/{rel}","templated":true}]}}